{"id":2532,"date":"2024-09-01T19:07:31","date_gmt":"2024-09-01T17:07:31","guid":{"rendered":"https:\/\/karkariya-mawlid-commemoration.com\/?page_id=2532"},"modified":"2025-09-04T15:40:46","modified_gmt":"2025-09-04T13:40:46","slug":"la-caravane-medicale","status":"publish","type":"page","link":"https:\/\/karkariya-mawlid-commemoration.com\/ar\/la-caravane-medicale\/","title":{"rendered":"\u0627\u0644\u0642\u0627\u0642\u0644\u0629 \u0627\u0644\u0637\u0628\u064a\u0629"},"content":{"rendered":"<div data-elementor-type=\"wp-post\" data-elementor-id=\"2532\" class=\"elementor elementor-2532\" data-elementor-post-type=\"page\">\n\t\t\t\t\t\t<section class=\"elementor-section elementor-top-section elementor-element elementor-element-42ca2dd elementor-section-boxed elementor-section-height-default elementor-section-height-default\" data-id=\"42ca2dd\" data-element_type=\"section\">\n\t\t\t\t\t\t<div class=\"elementor-container elementor-column-gap-default\">\n\t\t\t\t\t<div class=\"elementor-column elementor-col-50 elementor-top-column elementor-element elementor-element-7352b8e elementor-invisible\" data-id=\"7352b8e\" data-element_type=\"column\" data-settings=\"{&quot;animation&quot;:&quot;fadeInLeft&quot;,&quot;animation_delay&quot;:350}\">\n\t\t\t<div class=\"elementor-widget-wrap elementor-element-populated\">\n\t\t\t\t\t\t<div class=\"elementor-element elementor-element-badc6b1 elementor-invisible elementor-widget elementor-widget-exhibz-title\" data-id=\"badc6b1\" data-element_type=\"widget\" data-settings=\"{&quot;_animation&quot;:&quot;slideInLeft&quot;,&quot;_animation_delay&quot;:300,&quot;ekit_we_effect_on&quot;:&quot;none&quot;}\" data-widget_type=\"exhibz-title.default\">\n\t\t\t\t<div class=\"elementor-widget-container\">\n\t\t\t\n    <div class=\"title-section-area\">\n        <h2 class=\"section-title\">\n            <span class=\"sub-title\"><\/span>\n\t\t\t\u0627\u0644\u0642\u0627\u0642\u0644\u0629 \u0627\u0644\u0637\u0628\u064a\u0629        <\/h2>\n\t\t                    <span class=\"title-shape\">\n                  <img decoding=\"async\" src=\"https:\/\/karkariya-mawlid-commemoration.com\/wp-content\/themes\/exhibz\/assets\/line.png\" alt=\"\">\n            <\/span>\n                    <\/div><!-- Section title -->\n    \n    \n\n    \t\t<\/div>\n\t\t\t\t<\/div>\n\t\t\t\t<div class=\"elementor-element elementor-element-e257485 elementor-invisible elementor-widget elementor-widget-text-editor\" data-id=\"e257485\" data-element_type=\"widget\" data-settings=\"{&quot;_animation&quot;:&quot;slideInLeft&quot;,&quot;_animation_delay&quot;:350,&quot;ekit_we_effect_on&quot;:&quot;none&quot;}\" data-widget_type=\"text-editor.default\">\n\t\t\t\t<div class=\"elementor-widget-container\">\n\t\t\t<style>\/*! elementor - v3.23.0 - 05-08-2024 *\/\n.elementor-widget-text-editor.elementor-drop-cap-view-stacked .elementor-drop-cap{background-color:#69727d;color:#fff}.elementor-widget-text-editor.elementor-drop-cap-view-framed .elementor-drop-cap{color:#69727d;border:3px solid;background-color:transparent}.elementor-widget-text-editor:not(.elementor-drop-cap-view-default) .elementor-drop-cap{margin-top:8px}.elementor-widget-text-editor:not(.elementor-drop-cap-view-default) .elementor-drop-cap-letter{width:1em;height:1em}.elementor-widget-text-editor .elementor-drop-cap{float:left;text-align:center;line-height:1;font-size:50px}.elementor-widget-text-editor .elementor-drop-cap-letter{display:inline-block}<\/style>\t\t\t\t<p><strong>\u0642\u0627\u0641\u0644\u0629 \u0637\u0628\u064a\u0629 \u0645\u062c\u0627\u0646\u064a\u0629 \u0644\u062e\u062f\u0645\u0629 \u0627\u0644\u0639\u0627\u0626\u0644\u0627\u062a \u0648\u0627\u0644\u0634\u0631\u0627\u0626\u062d \u0627\u0644\u0627\u062c\u062a\u0645\u0627\u0639\u064a\u0629 \u0627\u0644\u0636\u0639\u064a\u0641\u0629 \u0648\u0627\u0644\u0645\u0647\u0645\u0634\u0629. \n\u062a\u063a\u0637\u064a \u0647\u0630\u0647 \u0627\u0644\u0642\u0627\u0641\u0644\u0629 \u0627\u0644\u062a\u062e\u0635\u0635\u0627\u062a \u0627\u0644\u0637\u0628\u064a\u0629 \u0627\u0644\u062a\u0627\u0644\u064a\u0629: \u0627\u0644\u0637\u0628 \u0627\u0644\u0639\u0627\u0645\u060c \u0637\u0628 \u0627\u0644\u0623\u0637\u0641\u0627\u0644\u060c \u0627\u0644\u0646\u0633\u0627\u0621 \u0648\u0627\u0644\u062a\u0648\u0644\u064a\u062f\u060c \u0637\u0628 \u0627\u0644\u0639\u064a\u0648\u0646\u060c \u0627\u0644\u0637\u0628 \u0627\u0644\u0646\u0641\u0633\u064a\u060c \u0623\u0645\u0631\u0627\u0636 \u0627\u0644\u0631\u0626\u0629\u060c \u0637\u0628 \u0627\u0644\u0623\u0633\u0646\u0627\u0646\u060c \u0627\u0644\u0639\u0644\u0627\u062c \u0627\u0644\u0637\u0628\u064a\u0639\u064a\u060c \u0648\u0627\u0644\u062d\u062c\u0627\u0645\u0629. \u0643\u0645\u0627 \u062a\u0645\u062b\u0644 \u0641\u0631\u0635\u0629 \u0644\u0644\u0645\u0634\u0627\u0631\u0643\u064a\u0646 \u0641\u064a \u0627\u0644\u0623\u0633\u0628\u0648\u0639 \u0627\u0644\u062f\u0648\u0644\u064a \u0644\u0644\u0627\u062d\u062a\u0641\u0627\u0644 \u0628\u0627\u0644\u0645\u0648\u0644\u062f \u0627\u0644\u0646\u0628\u0648\u064a \u0627\u0644\u0634\u0631\u064a\u0641 \u0644\u0644\u062a\u0628\u0631\u0639 \u0628\u0627\u0644\u062f\u0645. <\/strong><\/p><p>\u062a\u0645 \u062a\u0646\u0638\u064a\u0645 \u0627\u0644\u0646\u0633\u062e\u0629 \u0627\u0644\u0633\u0627\u0628\u0642\u0629 \u0645\u0646 \u0627\u0644\u0642\u0627\u0641\u0644\u0629 \u0627\u0644\u0637\u0628\u064a\u0629\u060c \u0628\u0627\u0644\u0634\u0631\u0627\u0643\u0629 \u0645\u0639 \u062c\u0645\u0639\u064a\u0629 \u0646\u0636\u0627\u0644 \u0627\u0644\u0645\u0631\u0623\u0629\u060c \u064a\u0648\u0645 \u0627\u0644\u0633\u0628\u062a 11 \u064a\u0648\u0646\u064a\u0648 2022 \u0641\u064a \u0645\u0642\u0631 \u0627\u0644\u0632\u0627\u0648\u064a\u0629 \u0627\u0644\u0643\u0631\u0643\u0631\u064a\u0629 \u0628\u0627\u0644\u0639\u0631\u0648\u064a\u060c \u0648\u0642\u062f \u062d\u0642\u0642\u062a \u0646\u062c\u0627\u062d\u064b\u0627 \u0643\u0628\u064a\u0631\u064b\u0627.<\/p>\t\t\t\t\t\t<\/div>\n\t\t\t\t<\/div>\n\t\t\t\t\t<\/div>\n\t\t<\/div>\n\t\t\t\t<div class=\"elementor-column elementor-col-50 elementor-top-column elementor-element elementor-element-a0d0ceb\" data-id=\"a0d0ceb\" data-element_type=\"column\">\n\t\t\t<div class=\"elementor-widget-wrap elementor-element-populated\">\n\t\t\t\t\t\t<div class=\"elementor-element elementor-element-aae7afc elementor-invisible elementor-widget elementor-widget-text-editor\" data-id=\"aae7afc\" data-element_type=\"widget\" data-settings=\"{&quot;_animation&quot;:&quot;slideInLeft&quot;,&quot;_animation_delay&quot;:350,&quot;ekit_we_effect_on&quot;:&quot;none&quot;}\" data-widget_type=\"text-editor.default\">\n\t\t\t\t<div class=\"elementor-widget-container\">\n\t\t\t\t\t\t\t<p class=\"intro-desc\">\u0641\u064a \u064a\u0648\u0645 \u0648\u0627\u062d\u062f \u0641\u0642\u0637\u060c \u062a\u0645\u0643\u0646 \u0627\u0644\u0641\u0631\u064a\u0642 \u0627\u0644\u0637\u0628\u064a\u060c \u0627\u0644\u0645\u0643\u0648\u0646 \u0645\u0646 \u0623\u0643\u062b\u0631 \u0645\u0646 30 \u0637\u0628\u064a\u0628\u064b\u0627 \u0648\u0645\u0645\u0631\u0636\u064b\u0627 \u064842 \u0641\u0631\u062f\u064b\u0627 \u0645\u0646 \u0627\u0644\u0637\u0627\u0642\u0645 \u0634\u0628\u0647 \u0627\u0644\u0637\u0628\u064a (\u0627\u0644\u0647\u0644\u0627\u0644 \u0627\u0644\u0623\u062d\u0645\u0631)\u060c \u0645\u0646 \u0641\u062d\u0635 2603 \u0634\u062e\u0635\u064b\u0627. \u0643\u0645\u0627 \u0627\u0633\u062a\u0641\u0627\u062f \u0627\u0644\u0645\u0631\u0636\u0649 \u0645\u0646 \u0627\u0644\u0623\u062f\u0648\u064a\u0629 \u0627\u0644\u062a\u064a \u0642\u062f\u0645\u062a\u0647\u0627 \u0627\u0644\u0645\u0646\u062f\u0648\u0628\u064a\u0629 \u0627\u0644\u0625\u0642\u0644\u064a\u0645\u064a\u0629 \u0644\u0648\u0632\u0627\u0631\u0629 \u0627\u0644\u0635\u062d\u0629 \u0648\u0627\u0644\u062d\u0645\u0627\u064a\u0629 \u0627\u0644\u0627\u062c\u062a\u0645\u0627\u0639\u064a\u0629 \u0641\u064a \u0627\u0644\u0646\u0627\u0638\u0648\u0631.<\/p><p class=\"intro-desc\">\u063a\u0637\u062a \u0647\u0630\u0647 \u0627\u0644\u0642\u0627\u0641\u0644\u0629 \u0627\u0644\u062a\u062e\u0635\u0635\u0627\u062a \u0627\u0644\u0637\u0628\u064a\u0629 \u0627\u0644\u062a\u0627\u0644\u064a\u0629: \u0627\u0644\u0637\u0628 \u0627\u0644\u0639\u0627\u0645\u060c \u0637\u0628 \u0627\u0644\u0623\u0637\u0641\u0627\u0644\u060c \u0623\u0645\u0631\u0627\u0636 \u0627\u0644\u0646\u0633\u0627\u0621\u060c \u0637\u0628 \u0627\u0644\u0639\u064a\u0648\u0646\u060c \u0627\u0644\u0637\u0628 \u0627\u0644\u0646\u0641\u0633\u064a\u060c \u0623\u0645\u0631\u0627\u0636 \u0627\u0644\u0631\u0626\u0629\u060c \u0637\u0628 \u0627\u0644\u0623\u0633\u0646\u0627\u0646\u060c \u0627\u0644\u0639\u0644\u0627\u062c \u0627\u0644\u0637\u0628\u064a\u0639\u064a\u060c \u0648\u0627\u0644\u062d\u062c\u0627\u0645\u0629 (\u0627\u0644\u0639\u0644\u0627\u062c \u0628\u0627\u0644\u062f\u0645).<\/p><p class=\"intro-desc\">\u0648\u0642\u062f \u0633\u0627\u0647\u0645 \u0645\u062a\u0637\u0648\u0639\u0648\u0646 \u0645\u0646 \u0628\u064a\u0646 \u0645\u0631\u064a\u062f\u064a \u0627\u0644\u0637\u0631\u064a\u0642\u0629 \u0627\u0644\u0643\u0631\u0643\u0631\u064a\u0629\u060c \u0625\u0644\u0649 \u062c\u0627\u0646\u0628 \u0631\u062c\u0627\u0644 \u0648\u0646\u0633\u0627\u0621 \u0645\u0646 \u0627\u0644\u062f\u0631\u0643 \u0627\u0644\u0645\u0644\u0643\u064a \u0648\u0623\u0641\u0631\u0627\u062f \u0645\u0646 \u0641\u0631\u0642 \u0627\u0644\u0647\u0644\u0627\u0644 \u0627\u0644\u0623\u062d\u0645\u0631 \u0627\u0644\u0645\u063a\u0631\u0628\u064a\u060c \u0641\u064a \u0636\u0645\u0627\u0646 \u0633\u064a\u0631 \u0627\u0644\u064a\u0648\u0645 \u0628\u0634\u0643\u0644 \u062c\u064a\u062f \u0648\u062a\u0642\u062f\u064a\u0645 \u0627\u0644\u0645\u0633\u0627\u0639\u062f\u0629 \u0644\u0644\u0645\u0631\u0636\u0649 \u0627\u0644\u0645\u0633\u0646\u064a\u0646 \u0648\u0627\u0644\u0645\u062d\u062a\u0627\u062c\u064a\u0646.<\/p>\t\t\t\t\t\t<\/div>\n\t\t\t\t<\/div>\n\t\t\t\t\t<\/div>\n\t\t<\/div>\n\t\t\t\t\t<\/div>\n\t\t<\/section>\n\t\t<div class=\"elementor-element elementor-element-7f84376 e-flex e-con-boxed e-con e-parent\" data-id=\"7f84376\" data-element_type=\"container\">\n\t\t\t\t\t<div class=\"e-con-inner\">\n\t\t\t\t<div class=\"elementor-element elementor-element-3af53c4 premium-tabs-icon-row elementor-widget elementor-widget-premium-addon-tabs\" data-id=\"3af53c4\" data-element_type=\"widget\" data-settings=\"{&quot;premium_tabs_repeater&quot;:[{&quot;premium_tabs_title&quot;:&quot;2025&quot;,&quot;_id&quot;:&quot;56e8471&quot;,&quot;premium_tabs_content_text&quot;:&quot;&lt;p&gt;&lt;\\\/p&gt;&lt;p style=\\&quot;text-align: center;\\&quot;&gt;&lt;span style=\\&quot;color: #333333;\\&quot;&gt;&lt;strong&gt;Restez connect\\u00e9s, nous afficherons les photos de 2025 bient\\u00f4t, insha\\u2019Allah.&lt;\\\/strong&gt;&lt;\\\/span&gt;&lt;\\\/p&gt;&lt;p&gt;&lt;\\\/p&gt;&quot;,&quot;premium_tabs_icon_switcher&quot;:&quot;&quot;,&quot;icon_type&quot;:null,&quot;premium_tabs_icon_updated&quot;:null,&quot;image_upload&quot;:null,&quot;custom_svg&quot;:null,&quot;lottie_url&quot;:null,&quot;draw_svg&quot;:null,&quot;lottie_loop&quot;:null,&quot;lottie_reverse&quot;:null,&quot;premium_tabs_content&quot;:&quot;text_editor&quot;,&quot;live_temp_content&quot;:null,&quot;premium_tabs_content_temp&quot;:null,&quot;custom_tab_navigation&quot;:&quot;&quot;},{&quot;premium_tabs_title&quot;:&quot;2024&quot;,&quot;_id&quot;:&quot;ad0c064&quot;,&quot;premium_tabs_content&quot;:&quot;elementor_templates&quot;,&quot;live_temp_content&quot;:&quot;caravane 2024&quot;,&quot;premium_tabs_icon_switcher&quot;:&quot;&quot;,&quot;icon_type&quot;:null,&quot;premium_tabs_icon_updated&quot;:null,&quot;image_upload&quot;:null,&quot;custom_svg&quot;:null,&quot;lottie_url&quot;:null,&quot;draw_svg&quot;:null,&quot;lottie_loop&quot;:null,&quot;lottie_reverse&quot;:null,&quot;premium_tabs_content_text&quot;:null,&quot;premium_tabs_content_temp&quot;:&quot;&quot;,&quot;custom_tab_navigation&quot;:&quot;&quot;},{&quot;premium_tabs_title&quot;:&quot;2022&quot;,&quot;premium_tabs_content&quot;:&quot;elementor_templates&quot;,&quot;premium_tabs_content_text&quot;:null,&quot;_id&quot;:&quot;e457eb7&quot;,&quot;live_temp_content&quot;:&quot;caravane 2022&quot;,&quot;premium_tabs_icon_switcher&quot;:&quot;&quot;,&quot;icon_type&quot;:null,&quot;premium_tabs_icon_updated&quot;:null,&quot;image_upload&quot;:null,&quot;custom_svg&quot;:null,&quot;lottie_url&quot;:null,&quot;draw_svg&quot;:null,&quot;lottie_loop&quot;:null,&quot;lottie_reverse&quot;:null,&quot;premium_tabs_content_temp&quot;:&quot;&quot;,&quot;custom_tab_navigation&quot;:&quot;&quot;}],&quot;premium_tab_background_color&quot;:&quot;#FFE50000&quot;,&quot;premium_tab_active_background_color&quot;:&quot;#FFE500&quot;,&quot;default_tab_index&quot;:0,&quot;premium_tab_type&quot;:&quot;horizontal&quot;,&quot;premium_tab_style_selected&quot;:&quot;style1&quot;,&quot;ekit_we_effect_on&quot;:&quot;none&quot;}\" data-widget_type=\"premium-addon-tabs.default\">\n\t\t\t\t<div class=\"elementor-widget-container\">\n\t\t\t\n\t\t\t<div data-navigation=\"[&quot;&quot;,&quot;&quot;,&quot;&quot;]\" id=\"premium-tabs-3af53c4\" class=\"premium-tabs premium-tabs-style-iconbox premium-tabs-horizontal\">\n\t\t\t\t<div class=\"premium-tabs-nav horizontal\">\n\t\t\t\t\t<ul class=\"premium-tabs-nav-list premium-tabs-horizontal\">\n\t\t\t\t\t\t\t\t\t\t\t\t\t<li class=\"premium-tabs-nav-list-item elementor-repeater-item-56e8471\" data-list-index=\"0\" data-content-id=\"#premium-accordion-content-0\">\n\t\t\t\t\t\t\t\t<a class=\"premium-tab-link\" href=\"#section-iconbox-0-3af53c4\">\n\n\t\t\t\t\t\t\t\t\t\t\t\t\t\t\t\t\t\t\t<p class=\"premium-tab-title\">\n\t\t\t\t\t\t\t\t\t\t\t2025\t\t\t\t\t\t\t\t\t\t<\/p>\n\t\t\t\t\t\t\t\t\t\t\t\t\t\t\t\t\t<\/a>\n\n\t\t\t\t\t\t\t\t\t\t\t\t\t\t\t\t\t<div class=\"premium-tab-arrow-wrap\">\n\t\t\t\t\t\t\t\t\t\t<div class=\"premium-tab-arrow-border\"><\/div>\n\t\t\t\t\t\t\t\t\t\t<div class=\"premium-tab-arrow\"><\/div>\n\t\t\t\t\t\t\t\t\t<\/div>\n\t\t\t\t\t\t\t\t\n\t\t\t\t\t\t\t<\/li>\n\t\t\t\t\t\t\t\t\t\t\t\t\t\t\t\t\t\t\t\t<li class=\"premium-tabs-nav-list-item elementor-repeater-item-ad0c064\" data-list-index=\"1\" data-content-id=\"#premium-accordion-content-1\">\n\t\t\t\t\t\t\t\t<a class=\"premium-tab-link\" href=\"#section-iconbox-1-3af53c4\">\n\n\t\t\t\t\t\t\t\t\t\t\t\t\t\t\t\t\t\t\t<p class=\"premium-tab-title\">\n\t\t\t\t\t\t\t\t\t\t\t2024\t\t\t\t\t\t\t\t\t\t<\/p>\n\t\t\t\t\t\t\t\t\t\t\t\t\t\t\t\t\t<\/a>\n\n\t\t\t\t\t\t\t\t\t\t\t\t\t\t\t\t\t<div class=\"premium-tab-arrow-wrap\">\n\t\t\t\t\t\t\t\t\t\t<div class=\"premium-tab-arrow-border\"><\/div>\n\t\t\t\t\t\t\t\t\t\t<div class=\"premium-tab-arrow\"><\/div>\n\t\t\t\t\t\t\t\t\t<\/div>\n\t\t\t\t\t\t\t\t\n\t\t\t\t\t\t\t<\/li>\n\t\t\t\t\t\t\t\t\t\t\t\t\t\t\t\t\t\t\t\t<li class=\"premium-tabs-nav-list-item elementor-repeater-item-e457eb7\" data-list-index=\"2\" data-content-id=\"#premium-accordion-content-2\">\n\t\t\t\t\t\t\t\t<a class=\"premium-tab-link\" href=\"#section-iconbox-2-3af53c4\">\n\n\t\t\t\t\t\t\t\t\t\t\t\t\t\t\t\t\t\t\t<p class=\"premium-tab-title\">\n\t\t\t\t\t\t\t\t\t\t\t2022\t\t\t\t\t\t\t\t\t\t<\/p>\n\t\t\t\t\t\t\t\t\t\t\t\t\t\t\t\t\t<\/a>\n\n\t\t\t\t\t\t\t\t\t\t\t\t\t\t\t\t\t<div class=\"premium-tab-arrow-wrap\">\n\t\t\t\t\t\t\t\t\t\t<div class=\"premium-tab-arrow-border\"><\/div>\n\t\t\t\t\t\t\t\t\t\t<div class=\"premium-tab-arrow\"><\/div>\n\t\t\t\t\t\t\t\t\t<\/div>\n\t\t\t\t\t\t\t\t\n\t\t\t\t\t\t\t<\/li>\n\t\t\t\t\t\t\t\t\t\t\t\t\t\t\t\t\t\t<\/ul>\n\t\t\t\t<\/div>\n\n\t\t\t\t<div class=\"premium-content-wrap premium-tabs-horizontal\">\n\t\t\t\t\t\n\t\t\t\t\t\t<section id=\"section-iconbox-0-3af53c4\" class=\"premium-tabs-content-section\">\n\t\t\t\t\t\t\t<div class=\"premium-tab-content\">\n\n\t\t\t\t\t\t\t\t\t\t\t\t\t\t\t\t\t\t\t\t<p><\/p><p style=\"text-align: center;\"><span style=\"color: #333333;\"><strong>\u062a\u0631\u0642\u0651\u0628\u0648\u0627\u060c \u0633\u0646\u0646\u0634\u0631 \u0642\u0631\u064a\u0628\u064b\u0627 \u0635\u0648\u0631 \u0633\u0646\u0629 2025\u060c \u0628\u0625\u0630\u0646 \u0627\u0644\u0644\u0647 \u062a\u0639\u0627\u0644\u0649.<\/strong><\/span><\/p><p><\/p>\t\t\t\t\t\t\t\t\t\t\t\t\t\t\t\t\t<\/div>\n\t\t\t\t\t\t<\/section>\n\n\t\t\t\t\t\n\t\t\t\t\t\t<section id=\"section-iconbox-1-3af53c4\" class=\"premium-tabs-content-section\">\n\t\t\t\t\t\t\t<div class=\"premium-tab-content\">\n\n\t\t\t\t\t\t\t\t\t\t\t\t\t\t\t\t<\/div>\n\t\t\t\t\t\t<\/section>\n\n\t\t\t\t\t\n\t\t\t\t\t\t<section id=\"section-iconbox-2-3af53c4\" class=\"premium-tabs-content-section\">\n\t\t\t\t\t\t\t<div class=\"premium-tab-content\">\n\n\t\t\t\t\t\t\t\t\t\t\t\t\t\t\t\t<\/div>\n\t\t\t\t\t\t<\/section>\n\n\t\t\t\t\t\t\t\t\t<\/div>\n\t\t\t<\/div>\n\n\t\t\t\t<\/div>\n\t\t\t\t<\/div>\n\t\t\t\t\t<\/div>\n\t\t\t\t<\/div>\n\t\t\t\t<\/div>","protected":false},"excerpt":{"rendered":"<p>La Caravane M\u00e9dicale Caravane m\u00e9dicale au profit des familles et des classes sociales vuln\u00e9rables et d\u00e9favoris\u00e9es. La pr\u00e9c\u00e9dente \u00e9dition de la Caravane M\u00e9dicale a \u00e9t\u00e9 organis\u00e9e, en partenariat avec l&rsquo;association Nidal Imra&rsquo;a, le samedi 11 juin 2022 au si\u00e8ge de la Zawiya Al Karkariya \u00e0 El Aroui et avait enregistr\u00e9 un franc succ\u00e8s. En une [&hellip;]<\/p>","protected":false},"author":1,"featured_media":0,"parent":0,"menu_order":0,"comment_status":"closed","ping_status":"closed","template":"template\/full-width-template.php","meta":{"footnotes":""},"class_list":["post-2532","page","type-page","status-publish","hentry"],"_links":{"self":[{"href":"https:\/\/karkariya-mawlid-commemoration.com\/ar\/wp-json\/wp\/v2\/pages\/2532"}],"collection":[{"href":"https:\/\/karkariya-mawlid-commemoration.com\/ar\/wp-json\/wp\/v2\/pages"}],"about":[{"href":"https:\/\/karkariya-mawlid-commemoration.com\/ar\/wp-json\/wp\/v2\/types\/page"}],"author":[{"embeddable":true,"href":"https:\/\/karkariya-mawlid-commemoration.com\/ar\/wp-json\/wp\/v2\/users\/1"}],"replies":[{"embeddable":true,"href":"https:\/\/karkariya-mawlid-commemoration.com\/ar\/wp-json\/wp\/v2\/comments?post=2532"}],"version-history":[{"count":51,"href":"https:\/\/karkariya-mawlid-commemoration.com\/ar\/wp-json\/wp\/v2\/pages\/2532\/revisions"}],"predecessor-version":[{"id":4542,"href":"https:\/\/karkariya-mawlid-commemoration.com\/ar\/wp-json\/wp\/v2\/pages\/2532\/revisions\/4542"}],"wp:attachment":[{"href":"https:\/\/karkariya-mawlid-commemoration.com\/ar\/wp-json\/wp\/v2\/media?parent=2532"}],"curies":[{"name":"wp","href":"https:\/\/api.w.org\/{rel}","templated":true}]}}