{"id":2591,"date":"2024-09-01T20:01:48","date_gmt":"2024-09-01T18:01:48","guid":{"rendered":"https:\/\/karkariya-mawlid-commemoration.com\/?page_id=2591"},"modified":"2024-09-17T02:37:30","modified_gmt":"2024-09-17T00:37:30","slug":"le-lieu","status":"publish","type":"page","link":"https:\/\/karkariya-mawlid-commemoration.com\/ar\/le-lieu\/","title":{"rendered":"\u0627\u0644\u0645\u0643\u0627\u0646"},"content":{"rendered":"<div data-elementor-type=\"wp-post\" data-elementor-id=\"2591\" class=\"elementor elementor-2591\" data-elementor-post-type=\"page\">\n\t\t\t\t\t\t<section class=\"elementor-section elementor-top-section elementor-element elementor-element-54a98af elementor-section-boxed elementor-section-height-default elementor-section-height-default\" data-id=\"54a98af\" data-element_type=\"section\" data-settings=\"{&quot;background_background&quot;:&quot;classic&quot;}\">\n\t\t\t\t\t\t\t<div class=\"elementor-background-overlay\"><\/div>\n\t\t\t\t\t\t\t<div class=\"elementor-container elementor-column-gap-default\">\n\t\t\t\t\t<div class=\"elementor-column elementor-col-50 elementor-top-column elementor-element elementor-element-351e4ea\" data-id=\"351e4ea\" data-element_type=\"column\">\n\t\t\t<div class=\"elementor-widget-wrap elementor-element-populated\">\n\t\t\t\t\t\t<div class=\"elementor-element elementor-element-6b81761 elementor-widget elementor-widget-exhibz-title\" data-id=\"6b81761\" data-element_type=\"widget\" data-settings=\"{&quot;ekit_we_effect_on&quot;:&quot;none&quot;}\" data-widget_type=\"exhibz-title.default\">\n\t\t\t\t<div class=\"elementor-widget-container\">\n\t\t\t\n    <div class=\"title-section-area\">\n        <h2 class=\"section-title\">\n            <span class=\"sub-title\"><\/span>\n\t\t\t\u0627\u0644\u0645\u0643\u0627\u0646        <\/h2>\n\t\t                    <span class=\"title-shape\">\n                  <img decoding=\"async\" src=\"https:\/\/karkariya-mawlid-commemoration.com\/wp-content\/themes\/exhibz\/assets\/line.png\" alt=\"\">\n            <\/span>\n                    <\/div><!-- Section title -->\n    \n    \n\n    \t\t<\/div>\n\t\t\t\t<\/div>\n\t\t\t\t<div class=\"elementor-element elementor-element-8d8d01a elementor-widget elementor-widget-text-editor\" data-id=\"8d8d01a\" data-element_type=\"widget\" data-settings=\"{&quot;ekit_we_effect_on&quot;:&quot;none&quot;}\" data-widget_type=\"text-editor.default\">\n\t\t\t\t<div class=\"elementor-widget-container\">\n\t\t\t<style>\/*! elementor - v3.23.0 - 05-08-2024 *\/\n.elementor-widget-text-editor.elementor-drop-cap-view-stacked .elementor-drop-cap{background-color:#69727d;color:#fff}.elementor-widget-text-editor.elementor-drop-cap-view-framed .elementor-drop-cap{color:#69727d;border:3px solid;background-color:transparent}.elementor-widget-text-editor:not(.elementor-drop-cap-view-default) .elementor-drop-cap{margin-top:8px}.elementor-widget-text-editor:not(.elementor-drop-cap-view-default) .elementor-drop-cap-letter{width:1em;height:1em}.elementor-widget-text-editor .elementor-drop-cap{float:left;text-align:center;line-height:1;font-size:50px}.elementor-widget-text-editor .elementor-drop-cap-letter{display:inline-block}<\/style>\t\t\t\t<p>\u0633\u062a\u062d\u062a\u0641\u0644 \u0627\u0644\u0637\u0631\u064a\u0642\u0629 \u0627\u0644\u0643\u0631\u0643\u0631\u064a\u0629 \u0628\u0627\u0644\u0645\u0648\u0644\u062f \u0627\u0644\u0646\u0628\u0648\u064a \u0627\u0644\u0634\u0631\u064a\u0641 \u0644\u0633\u064a\u062f\u0646\u0627 \u0645\u062d\u0645\u062f \u0635\u0644\u0649 \u0627\u0644\u0644\u0647 \u0639\u0644\u064a\u0647 \u0648\u0633\u0644\u0645 \u0628\u0627\u0644\u0632\u0627\u0648\u064a\u0629 \u0627\u0644\u0623\u0645 \u0628\u0640\u0627\u0644\u0639\u0631\u0648\u064a \u0628\u0625\u0642\u0644\u064a\u0645 \u0627\u0644\u0646\u0627\u0638\u0648\u0631\u060c \u0628\u0627\u0644\u0642\u0631\u0628 \u0645\u0646 \u0645\u0637\u0627\u0631 \u0627\u0644\u0646\u0627\u0638\u0648\u0631\u060c \u0645\u0645\u0627 \u064a\u0633\u0647\u0644 \u0639\u0644\u0649 \u0627\u0644\u0632\u0648\u0627\u0631 \u0645\u0646 \u0645\u062e\u062a\u0644\u0641 \u0623\u0646\u062d\u0627\u0621 \u0627\u0644\u0639\u0627\u0644\u0645 \u0627\u0644\u0648\u0635\u0648\u0644 \u0625\u0644\u064a\u0647\u0627.<\/p>\t\t\t\t\t\t<\/div>\n\t\t\t\t<\/div>\n\t\t\t\t<div class=\"elementor-element elementor-element-8d89b79 elementor-arrows-position-inside elementor-pagination-position-outside elementor-widget elementor-widget-image-carousel\" data-id=\"8d89b79\" data-element_type=\"widget\" data-settings=\"{&quot;slides_to_show&quot;:&quot;1&quot;,&quot;navigation&quot;:&quot;both&quot;,&quot;autoplay&quot;:&quot;yes&quot;,&quot;pause_on_hover&quot;:&quot;yes&quot;,&quot;pause_on_interaction&quot;:&quot;yes&quot;,&quot;autoplay_speed&quot;:5000,&quot;infinite&quot;:&quot;yes&quot;,&quot;effect&quot;:&quot;slide&quot;,&quot;speed&quot;:500,&quot;ekit_we_effect_on&quot;:&quot;none&quot;}\" data-widget_type=\"image-carousel.default\">\n\t\t\t\t<div class=\"elementor-widget-container\">\n\t\t\t<style>\/*! elementor - v3.23.0 - 05-08-2024 *\/\n.elementor-widget-image-carousel .swiper,.elementor-widget-image-carousel .swiper-container{position:static}.elementor-widget-image-carousel .swiper-container .swiper-slide figure,.elementor-widget-image-carousel .swiper .swiper-slide figure{line-height:inherit}.elementor-widget-image-carousel .swiper-slide{text-align:center}.elementor-image-carousel-wrapper:not(.swiper-container-initialized):not(.swiper-initialized) .swiper-slide{max-width:calc(100% \/ var(--e-image-carousel-slides-to-show, 3))}<\/style>\t\t<div class=\"elementor-image-carousel-wrapper swiper\" dir=\"ltr\">\n\t\t\t<div class=\"elementor-image-carousel swiper-wrapper swiper-image-stretch\" aria-live=\"off\">\n\t\t\t\t\t\t\t\t<div class=\"swiper-slide\" role=\"group\" aria-roledescription=\"slide\" aria-label=\"1 sur 4\"><a data-elementor-open-lightbox=\"yes\" data-elementor-lightbox-slideshow=\"8d89b79\" data-elementor-lightbox-title=\"Copie de Zaouia2 (1)\" data-e-action-hash=\"#elementor-action%3Aaction%3Dlightbox%26settings%3DeyJpZCI6MzQ2MSwidXJsIjoiaHR0cHM6XC9cL2thcmthcml5YS1tYXdsaWQtY29tbWVtb3JhdGlvbi5jb21cL3dwLWNvbnRlbnRcL3VwbG9hZHNcLzIwMjRcLzA5XC9Db3BpZS1kZS1aYW91aWEyLTEuanBnIiwic2xpZGVzaG93IjoiOGQ4OWI3OSJ9\" href=\"https:\/\/karkariya-mawlid-commemoration.com\/wp-content\/uploads\/2024\/09\/Copie-de-Zaouia2-1.jpg\"><figure class=\"swiper-slide-inner\"><img decoding=\"async\" class=\"swiper-slide-image\" src=\"https:\/\/karkariya-mawlid-commemoration.com\/wp-content\/uploads\/2024\/09\/Copie-de-Zaouia2-1.jpg\" alt=\"Copie de Zaouia2 (1)\" \/><\/figure><\/a><\/div><div class=\"swiper-slide\" role=\"group\" aria-roledescription=\"slide\" aria-label=\"2 sur 4\"><a data-elementor-open-lightbox=\"yes\" data-elementor-lightbox-slideshow=\"8d89b79\" data-elementor-lightbox-title=\"Copie de Contact (1)\" data-e-action-hash=\"#elementor-action%3Aaction%3Dlightbox%26settings%3DeyJpZCI6MzQ2MiwidXJsIjoiaHR0cHM6XC9cL2thcmthcml5YS1tYXdsaWQtY29tbWVtb3JhdGlvbi5jb21cL3dwLWNvbnRlbnRcL3VwbG9hZHNcLzIwMjRcLzA5XC9Db3BpZS1kZS1Db250YWN0LTEuanBnIiwic2xpZGVzaG93IjoiOGQ4OWI3OSJ9\" href=\"https:\/\/karkariya-mawlid-commemoration.com\/wp-content\/uploads\/2024\/09\/Copie-de-Contact-1.jpg\"><figure class=\"swiper-slide-inner\"><img decoding=\"async\" class=\"swiper-slide-image\" src=\"https:\/\/karkariya-mawlid-commemoration.com\/wp-content\/uploads\/2024\/09\/Copie-de-Contact-1.jpg\" alt=\"Copie de Contact (1)\" \/><\/figure><\/a><\/div><div class=\"swiper-slide\" role=\"group\" aria-roledescription=\"slide\" aria-label=\"3 sur 4\"><a data-elementor-open-lightbox=\"yes\" data-elementor-lightbox-slideshow=\"8d89b79\" data-elementor-lightbox-title=\"Copie de 20240526_155106 (1)\" data-e-action-hash=\"#elementor-action%3Aaction%3Dlightbox%26settings%3DeyJpZCI6MzQ2MywidXJsIjoiaHR0cHM6XC9cL2thcmthcml5YS1tYXdsaWQtY29tbWVtb3JhdGlvbi5jb21cL3dwLWNvbnRlbnRcL3VwbG9hZHNcLzIwMjRcLzA5XC9Db3BpZS1kZS0yMDI0MDUyNl8xNTUxMDYtMS5qcGciLCJzbGlkZXNob3ciOiI4ZDg5Yjc5In0%3D\" href=\"https:\/\/karkariya-mawlid-commemoration.com\/wp-content\/uploads\/2024\/09\/Copie-de-20240526_155106-1.jpg\"><figure class=\"swiper-slide-inner\"><img decoding=\"async\" class=\"swiper-slide-image\" src=\"https:\/\/karkariya-mawlid-commemoration.com\/wp-content\/uploads\/2024\/09\/Copie-de-20240526_155106-1.jpg\" alt=\"Copie de 20240526_155106 (1)\" \/><\/figure><\/a><\/div><div class=\"swiper-slide\" role=\"group\" aria-roledescription=\"slide\" aria-label=\"4 sur 4\"><a data-elementor-open-lightbox=\"yes\" data-elementor-lightbox-slideshow=\"8d89b79\" data-elementor-lightbox-title=\"Copie de 20240526_155106\" data-e-action-hash=\"#elementor-action%3Aaction%3Dlightbox%26settings%3DeyJpZCI6MzQ2NCwidXJsIjoiaHR0cHM6XC9cL2thcmthcml5YS1tYXdsaWQtY29tbWVtb3JhdGlvbi5jb21cL3dwLWNvbnRlbnRcL3VwbG9hZHNcLzIwMjRcLzA5XC9Db3BpZS1kZS0yMDI0MDUyNl8xNTUxMDYuanBnIiwic2xpZGVzaG93IjoiOGQ4OWI3OSJ9\" href=\"https:\/\/karkariya-mawlid-commemoration.com\/wp-content\/uploads\/2024\/09\/Copie-de-20240526_155106.jpg\"><figure class=\"swiper-slide-inner\"><img decoding=\"async\" class=\"swiper-slide-image\" src=\"https:\/\/karkariya-mawlid-commemoration.com\/wp-content\/uploads\/2024\/09\/Copie-de-20240526_155106.jpg\" alt=\"Copie de 20240526_155106\" \/><\/figure><\/a><\/div>\t\t\t<\/div>\n\t\t\t\t\t\t\t\t\t\t\t\t<div class=\"elementor-swiper-button elementor-swiper-button-prev\" role=\"button\" tabindex=\"0\">\n\t\t\t\t\t\t<svg aria-hidden=\"true\" class=\"e-font-icon-svg e-eicon-chevron-left\" viewbox=\"0 0 1000 1000\" xmlns=\"http:\/\/www.w3.org\/2000\/svg\"><path d=\"M646 125C629 125 613 133 604 142L308 442C296 454 292 471 292 487 292 504 296 521 308 533L604 854C617 867 629 875 646 875 663 875 679 871 692 858 704 846 713 829 713 812 713 796 708 779 692 767L438 487 692 225C700 217 708 204 708 187 708 171 704 154 692 142 675 129 663 125 646 125Z\"><\/path><\/svg>\t\t\t\t\t<\/div>\n\t\t\t\t\t<div class=\"elementor-swiper-button elementor-swiper-button-next\" role=\"button\" tabindex=\"0\">\n\t\t\t\t\t\t<svg aria-hidden=\"true\" class=\"e-font-icon-svg e-eicon-chevron-right\" viewbox=\"0 0 1000 1000\" xmlns=\"http:\/\/www.w3.org\/2000\/svg\"><path d=\"M696 533C708 521 713 504 713 487 713 471 708 454 696 446L400 146C388 133 375 125 354 125 338 125 325 129 313 142 300 154 292 171 292 187 292 204 296 221 308 233L563 492 304 771C292 783 288 800 288 817 288 833 296 850 308 863 321 871 338 875 354 875 371 875 388 867 400 854L696 533Z\"><\/path><\/svg>\t\t\t\t\t<\/div>\n\t\t\t\t\n\t\t\t\t\t\t\t\t\t<div class=\"swiper-pagination\"><\/div>\n\t\t\t\t\t\t\t\t\t<\/div>\n\t\t\t\t<\/div>\n\t\t\t\t<\/div>\n\t\t\t\t\t<\/div>\n\t\t<\/div>\n\t\t\t\t<div class=\"elementor-column elementor-col-50 elementor-top-column elementor-element elementor-element-526abdc ts-tab-map elementor-hidden-tablet elementor-hidden-mobile\" data-id=\"526abdc\" data-element_type=\"column\">\n\t\t\t<div class=\"elementor-widget-wrap elementor-element-populated\">\n\t\t\t\t\t\t<div class=\"elementor-element elementor-element-a9b08e7 elementor-widget elementor-widget-html\" data-id=\"a9b08e7\" data-element_type=\"widget\" data-settings=\"{&quot;ekit_we_effect_on&quot;:&quot;none&quot;}\" data-widget_type=\"html.default\">\n\t\t\t\t<div class=\"elementor-widget-container\">\n\t\t\t<iframe src=\"https:\/\/www.google.com\/maps\/embed?pb=!1m14!1m8!1m3!1d23935.3128198102!2d-2.9790618!3d34.9929569!3m2!1i1024!2i768!4f13.1!3m3!1m2!1s0xd77b1d57b248227%3A0xf7538ca0db30f694!2sZawiya%20Karkariya!5e1!3m2!1sfr!2sma!4v1718710649200!5m2!1sfr!2sma\" width=\"600\" height=\"450\" style=\"border:0;\" allowfullscreen=\"\" loading=\"lazy\" referrerpolicy=\"no-referrer-when-downgrade\"><\/iframe>\t\t<\/div>\n\t\t\t\t<\/div>\n\t\t\t\t\t<\/div>\n\t\t<\/div>\n\t\t\t\t\t<\/div>\n\t\t<\/section>\n\t\t\t\t<\/div>","protected":false},"excerpt":{"rendered":"<p>Le lieu La Tariqa Al Karkariya c\u00e9l\u00e9brera le Mawlid de notre Proph\u00e8te Al-Mustafa (paix et b\u00e9n\u00e9dictions sur lui) \u00e0 la zaouia m\u00e8re situ\u00e9e \u00e0 Al Aroui, dans la province de Nador, \u00e0 proximit\u00e9 de l&rsquo;a\u00e9roport de Nador, facilitant ainsi l&rsquo;acc\u00e8s pour les visiteurs internationaux.<\/p>","protected":false},"author":1,"featured_media":0,"parent":0,"menu_order":0,"comment_status":"closed","ping_status":"closed","template":"template\/full-width-template.php","meta":{"footnotes":""},"class_list":["post-2591","page","type-page","status-publish","hentry"],"_links":{"self":[{"href":"https:\/\/karkariya-mawlid-commemoration.com\/ar\/wp-json\/wp\/v2\/pages\/2591"}],"collection":[{"href":"https:\/\/karkariya-mawlid-commemoration.com\/ar\/wp-json\/wp\/v2\/pages"}],"about":[{"href":"https:\/\/karkariya-mawlid-commemoration.com\/ar\/wp-json\/wp\/v2\/types\/page"}],"author":[{"embeddable":true,"href":"https:\/\/karkariya-mawlid-commemoration.com\/ar\/wp-json\/wp\/v2\/users\/1"}],"replies":[{"embeddable":true,"href":"https:\/\/karkariya-mawlid-commemoration.com\/ar\/wp-json\/wp\/v2\/comments?post=2591"}],"version-history":[{"count":22,"href":"https:\/\/karkariya-mawlid-commemoration.com\/ar\/wp-json\/wp\/v2\/pages\/2591\/revisions"}],"predecessor-version":[{"id":3827,"href":"https:\/\/karkariya-mawlid-commemoration.com\/ar\/wp-json\/wp\/v2\/pages\/2591\/revisions\/3827"}],"wp:attachment":[{"href":"https:\/\/karkariya-mawlid-commemoration.com\/ar\/wp-json\/wp\/v2\/media?parent=2591"}],"curies":[{"name":"wp","href":"https:\/\/api.w.org\/{rel}","templated":true}]}}