{"id":3135,"date":"2024-09-11T23:02:20","date_gmt":"2024-09-11T21:02:20","guid":{"rendered":"https:\/\/karkariya-mawlid-commemoration.com\/?page_id=3135"},"modified":"2025-08-04T15:08:49","modified_gmt":"2025-08-04T13:08:49","slug":"devenir-partenaire","status":"publish","type":"page","link":"https:\/\/karkariya-mawlid-commemoration.com\/ar\/devenir-partenaire\/","title":{"rendered":"\u0643\u0646 \u0631\u0641\u064a\u0642\u0627"},"content":{"rendered":"<div data-elementor-type=\"wp-page\" data-elementor-id=\"3135\" class=\"elementor elementor-3135\" data-elementor-post-type=\"page\">\n\t\t\t\t<div class=\"elementor-element elementor-element-e88e687 e-flex e-con-boxed e-con e-parent\" data-id=\"e88e687\" data-element_type=\"container\">\n\t\t\t\t\t<div class=\"e-con-inner\">\n\t\t\t\t<div class=\"elementor-element elementor-element-bbe9594 elementor-widget elementor-widget-exhibz-title\" data-id=\"bbe9594\" data-element_type=\"widget\" data-settings=\"{&quot;ekit_we_effect_on&quot;:&quot;none&quot;}\" data-widget_type=\"exhibz-title.default\">\n\t\t\t\t<div class=\"elementor-widget-container\">\n\t\t\t\n    <div class=\"title-section-area\">\n        <h2 class=\"section-title\">\n            <span class=\"sub-title\"><\/span>\n\t\t\t\u0643\u0646 \u0631\u0641\u064a\u0642\u0627        <\/h2>\n\t\t                    <span class=\"title-shape\">\n                  <img decoding=\"async\" src=\"https:\/\/karkariya-mawlid-commemoration.com\/wp-content\/themes\/exhibz\/assets\/line.png\" alt=\"\">\n            <\/span>\n                    <\/div><!-- Section title -->\n    \n    \n\n    \t\t<\/div>\n\t\t\t\t<\/div>\n\t\t\t\t<div class=\"elementor-element elementor-element-8755e11 elementor-widget elementor-widget-text-editor\" data-id=\"8755e11\" data-element_type=\"widget\" data-settings=\"{&quot;ekit_we_effect_on&quot;:&quot;none&quot;}\" data-widget_type=\"text-editor.default\">\n\t\t\t\t<div class=\"elementor-widget-container\">\n\t\t\t<style>\/*! elementor - v3.23.0 - 05-08-2024 *\/\n.elementor-widget-text-editor.elementor-drop-cap-view-stacked .elementor-drop-cap{background-color:#69727d;color:#fff}.elementor-widget-text-editor.elementor-drop-cap-view-framed .elementor-drop-cap{color:#69727d;border:3px solid;background-color:transparent}.elementor-widget-text-editor:not(.elementor-drop-cap-view-default) .elementor-drop-cap{margin-top:8px}.elementor-widget-text-editor:not(.elementor-drop-cap-view-default) .elementor-drop-cap-letter{width:1em;height:1em}.elementor-widget-text-editor .elementor-drop-cap{float:left;text-align:center;line-height:1;font-size:50px}.elementor-widget-text-editor .elementor-drop-cap-letter{display:inline-block}<\/style>\t\t\t\t<p>\u0646\u0638\u0631\u0627\u064b \u0644\u0623\u0647\u0645\u064a\u0629 \u0627\u0644\u062f\u064a\u0646 \u0648\u0627\u0644\u0633\u0644\u0648\u0643 \u0627\u0644\u0631\u0648\u062d\u064a \u0641\u064a \u0627\u0644\u062d\u0641\u0627\u0638 \u0639\u0644\u0649 \u0627\u0644\u062a\u0645\u0627\u0633\u0643 \u0627\u0644\u0627\u062c\u062a\u0645\u0627\u0639\u064a\u060c \u0648\u062d\u0645\u0627\u064a\u0629 \u0627\u0644\u0631\u0648\u0627\u0628\u0637 \u0627\u0644\u0623\u0633\u0631\u064a\u0629\u060c \u0648\u0627\u0633\u062a\u0642\u0627\u0645\u0629 \u0627\u0644\u0641\u0631\u062f\u060c \u0648\u0627\u0647\u062a\u0645\u0627\u0645\u0643\u0645 \u0628\u0628\u0639\u0636 \u0627\u0644\u0623\u0639\u0645\u0627\u0644 \u0627\u0644\u062a\u0636\u0627\u0645\u0646\u064a\u0629 \u0648\u0627\u0644\u062e\u064a\u0631\u064a\u0629\u060c \u0646\u062f\u0639\u0648\u0643\u0645 \u0644\u0644\u0645\u0633\u0627\u0647\u0645\u0629 \u0641\u064a \u0627\u0644\u0623\u0633\u0628\u0648\u0639 \u0627\u0644\u062f\u0648\u0644\u064a \u0644\u0625\u062d\u064a\u0627\u0621 \u0630\u0643\u0631\u0649 \u0627\u0644\u0645\u0648\u0644\u062f \u0627\u0644\u0646\u0628\u0648\u064a \u0627\u0644\u0634\u0631\u064a\u0641. \u0647\u0630\u0627 \u0627\u0644\u062d\u062f\u062b \u0627\u0644\u0645\u0628\u0627\u0631\u0643 \u064a\u062a\u062c\u0627\u0648\u0632 \u0627\u0644\u062d\u062f\u0648\u062f \u0648\u064a\u0648\u062d\u062f \u0627\u0644\u0642\u0644\u0648\u0628 \u0641\u064a \u0627\u0644\u0627\u062d\u062a\u0641\u0627\u0644 \u0628\u062d\u064a\u0627\u0629 \u0648\u062a\u0639\u0627\u0644\u064a\u0645 \u0646\u0628\u064a\u0646\u0627 \u0627\u0644\u062d\u0628\u064a\u0628 \u0645\u062d\u0645\u062f \ufdfa.<\/p><p>\u0633\u064a\u0633\u0627\u0647\u0645 \u062f\u0639\u0645\u0643\u0645 \u0627\u0644\u0643\u0631\u064a\u0645 \u0641\u064a:<br \/>- \u062a\u0639\u0632\u064a\u0632 \u0627\u0644\u062a\u0639\u0627\u0644\u064a\u0645 \u0627\u0644\u0639\u0627\u0644\u0645\u064a\u0629 \u0644\u0646\u0628\u064a\u0646\u0627 \u0645\u062d\u0645\u062f \ufdfa\u060c \u0645\u0635\u062f\u0631 \u0627\u0644\u062d\u0643\u0645\u0629 \u0648\u0627\u0644\u0633\u0644\u0627\u0645 \u0648\u0627\u0644\u0631\u062d\u0645\u0629.<br \/>- \u062a\u0633\u0644\u064a\u0637 \u0627\u0644\u0636\u0648\u0621 \u0639\u0644\u0649 \u0627\u0644\u0642\u064a\u0645 \u0627\u0644\u0623\u0633\u0627\u0633\u064a\u0629 \u0644\u0644\u0625\u0633\u0644\u0627\u0645 : \u0627\u0644\u062a\u0633\u0627\u0645\u062d\u060c \u0627\u0644\u0623\u062e\u0648\u0629\u060c \u0627\u0644\u0639\u062f\u0627\u0644\u0629\u060c \u0648\u0627\u0644\u062a\u0636\u0627\u0645\u0646.<br \/>- \u062f\u0639\u0645 \u0627\u0644\u0642\u0631\u064a\u0629 \u0627\u0644\u062a\u0636\u0627\u0645\u0646\u064a\u0629 \u0648\u0627\u0644\u0642\u0627\u0641\u0644\u0629 \u0627\u0644\u0637\u0628\u064a\u0629\u060c \u0627\u0644\u0645\u0628\u0627\u062f\u0631\u0627\u062a \u0627\u0644\u0639\u0645\u0644\u064a\u0629 \u0627\u0644\u062a\u064a \u062a\u062c\u0633\u062f \u0631\u0648\u062d \u0627\u0644\u0639\u0637\u0627\u0621 \u0648\u0627\u0644\u0625\u062d\u0633\u0627\u0646 \u0627\u0644\u062a\u064a \u0639\u0644\u0645\u0646\u0627 \u0625\u064a\u0627\u0647\u0627 \u0646\u0628\u064a\u0646\u0627 \u0645\u062d\u0645\u062f \ufdfa.<\/p><p><br \/>\u00ab\u00a0<strong>\"\u0627\u0644\u0651\u064e\u0630\u0650\u064a\u0646\u064e \u064a\u064f\u0646\u0641\u0650\u0642\u064f\u0648\u0646\u064e \u0623\u064e\u0645\u0652\u0648\u064e\u0627\u0644\u064e\u0647\u064f\u0645\u0652 \u0641\u0650\u064a \u0633\u064e\u0628\u0650\u064a\u0644\u0650 \u0627\u0644\u0644\u0651\u064e\u0647\u0650 \u0643\u064e\u0645\u064e\u062b\u064e\u0644\u0650 \u062d\u064e\u0628\u0651\u064e\u0629\u064d \u0623\u064e\u0646\u0628\u064e\u062a\u064e\u062a\u0652 \u0633\u064e\u0628\u0639\u064e \u0633\u064f\u0646\u0628\u064f\u0644\u064e\u0627\u062a\u064d \u0641\u064a \u0643\u064f\u0644\u0651\u0650 \u0633\u064f\u0646\u0628\u064f\u0644\u064e\u0629\u064d \u0645\u0651\u0650\u0626\u064e\u0629\u064f \u062d\u064e\u0628\u0651\u064e\u0629\u064d \u06d7 \u0648\u064e\u0623\u064e\u0646\u0651\u064e \u0627\u0644\u0644\u0651\u064e\u0647\u064e \u064a\u064f\u0636\u064e\u0627\u0639\u0650\u0641\u064f \u0644\u0650\u0645\u064e\u0646 \u064a\u064e\u0634\u064e\u0627\u0621\u064f \u06d7 \u0648\u064e\u0623\u064e\u0646\u0651\u064e \u0627\u0644\u0644\u0651\u064e\u0647\u064e \u0648\u0627\u0633\u0639\u064c \u0639\u064e\u0644\u0650\u064a\u0645\u064c.\"<\/strong>\u00a0(\u0633\u0648\u0631\u0629 \u0627\u0644\u0628\u0642\u0631\u0629\u060c \u0627\u0644\u0622\u064a\u0629 261)<\/p><p>\u0633\u0648\u0627\u0621 \u0643\u0646\u062a\u0645 \u062c\u0647\u0629 \u062d\u0643\u0648\u0645\u064a\u0629\u060c \u0645\u0624\u0633\u0633\u0629 \u0639\u0627\u0645\u0629\u060c \u0634\u0631\u0643\u0629\u060c \u062c\u0645\u0639\u064a\u0629\u060c \u0645\u0624\u0633\u0633\u0629\u060c \u0623\u0648 \u0641\u0631\u062f\u0627\u064b\u060c \u064a\u0645\u0643\u0646\u0643\u0645 \u0627\u0644\u0645\u0633\u0627\u0647\u0645\u0629 \u0641\u064a \u0646\u062c\u0627\u062d \u0647\u0630\u0627 \u0627\u0644\u062d\u062f\u062b \u0628\u0627\u0644\u0637\u0631\u064a\u0642\u0629 \u0627\u0644\u062a\u064a \u062a\u0646\u0627\u0633\u0628\u0643\u0645. \u0625\u0646 \u0645\u0634\u0627\u0631\u0643\u062a\u0643\u0645\u060c \u0633\u0648\u0627\u0621 \u0643\u0627\u0646\u062a \u0645\u0627\u0644\u064a\u0629 \u0623\u0648 \u0645\u0627\u062f\u064a\u0629 \u0623\u0648 \u0641\u064a \u0634\u0643\u0644 \u062e\u062f\u0645\u0627\u062a\u060c \u0633\u062a\u0643\u0648\u0646 \u0645\u0633\u0627\u0639\u062f\u0629 \u0642\u064a\u0645\u0629 \u0648\u0634\u0647\u0627\u062f\u0629 \u0648\u0627\u0636\u062d\u0629 \u0639\u0644\u0649 \u0627\u0644\u062a\u0632\u0627\u0645\u0643\u0645 \u0628\u0627\u0644\u0642\u064a\u0645 \u0627\u0644\u0625\u0646\u0633\u0627\u0646\u064a\u0629 \u0648\u0627\u0644\u0631\u0648\u062d\u064a\u0629 \u0627\u0644\u062a\u064a \u062a\u062c\u0645\u0639\u0646\u0627.<\/p><p>\u062a\u0642\u062f\u064a\u0631\u0627\u064b \u0644\u062f\u0639\u0645\u0643\u0645 \u0627\u0644\u0643\u0631\u064a\u0645\u060c \u064a\u0633\u0639\u062f\u0646\u0627 \u0623\u0646 \u0646\u0642\u062f\u0645 \u0644\u0643\u0645 \u0641\u0631\u0635\u0629 \u0645\u0645\u064a\u0632\u0629 \u0644\u0644\u0638\u0647\u0648\u0631 \u0628\u0634\u0643\u0644 \u0644\u0627\u0626\u0642 \u0639\u0644\u0649 \u062c\u0645\u064a\u0639 \u0645\u0646\u0635\u0627\u062a \u0627\u0644\u062a\u0648\u0627\u0635\u0644 \u0627\u0644\u062e\u0627\u0635\u0629 \u0628\u0627\u0644\u062d\u062f\u062b\u060c \u0648\u0630\u0644\u0643 \u0639\u0644\u0649 \u062e\u0634\u0628\u0629 \u0627\u0644\u0645\u0633\u0631\u062d \u062e\u0644\u0627\u0644 \u0627\u0644\u0645\u0624\u062a\u0645\u0631\u0627\u062a\u060c \u0648\u0641\u064a \u0627\u0644\u0642\u0631\u064a\u0629 \u0627\u0644\u062a\u0636\u0627\u0645\u0646\u064a\u0629\u060c \u0648\u0641\u064a \u0627\u0644\u0642\u0627\u0641\u0644\u0629 \u0627\u0644\u0637\u0628\u064a\u0629\u060c \u0628\u0627\u0644\u0625\u0636\u0627\u0641\u0629 \u0625\u0644\u0649 \u062a\u063a\u0637\u064a\u0629 \u0625\u0639\u0644\u0627\u0645\u064a\u0629 \u0648\u0627\u0633\u0639\u0629\u060c \u0648\u0630\u0644\u0643 \u0648\u0641\u0642\u064b\u0627 \u0644\u0635\u064a\u063a\u0629 \u0627\u0644\u0634\u0631\u0627\u0643\u0629 \u0627\u0644\u062a\u064a \u062a\u062e\u062a\u0627\u0631\u0648\u0646\u0647\u0627.<\/p><p>\u0646\u062f\u0639\u0648\u0643\u0645 \u0644\u0644\u0627\u0646\u0636\u0645\u0627\u0645 \u0625\u0644\u064a\u0646\u0627 \u0641\u064a \u0647\u0630\u0647 \u0627\u0644\u0642\u0636\u064a\u0629 \u0627\u0644\u0646\u0628\u064a\u0644\u0629 \u0648\u062a\u0648\u062d\u064a\u062f \u062c\u0647\u0648\u062f\u0646\u0627 \u0644\u062c\u0639\u0644 \u0647\u0630\u0627 \u0627\u0644\u062d\u062f\u062b\u060c \u0628\u0641\u0636\u0644 \u0627\u0644\u0644\u0647\u060c \u0645\u0635\u062f\u0631\u0627\u064b \u0644\u0627 \u064a\u0646\u0636\u0628 \u0645\u0646 \u0627\u0644\u0628\u0631\u0643\u0627\u062a \u0644\u0645\u0645\u0644\u0643\u062a\u0646\u0627 \u0627\u0644\u0639\u0632\u064a\u0632\u0629 \u0648\u0644\u0643\u0644 \u0627\u0644\u0645\u0633\u0644\u0645\u064a\u0646.<\/p><p>\u0646\u0633\u0623\u0644 \u0627\u0644\u0644\u0647\u060c \u0641\u064a \u0631\u062d\u0645\u062a\u0647 \u0627\u0644\u0644\u0627\u0645\u062a\u0646\u0627\u0647\u064a\u0629\u060c \u0623\u0646 \u064a\u0645\u0646\u062d\u0643\u0645 \u0627\u0644\u0635\u062d\u0629 \u0648\u0637\u0648\u0644 \u0627\u0644\u0639\u0645\u0631 \u0648\u0627\u0644\u0627\u0632\u062f\u0647\u0627\u0631\u060c \u0648\u0623\u0646 \u064a\u0648\u0627\u0635\u0644 \u0647\u062f\u0627\u064a\u062a\u0647 \u0648\u062d\u0645\u0627\u064a\u0629 \u0645\u0645\u0644\u0643\u062a\u0646\u0627 \u0627\u0644\u0639\u0632\u064a\u0632\u0629\u060c \u062a\u062d\u062a \u0627\u0644\u0642\u064a\u0627\u062f\u0629 \u0627\u0644\u0631\u0634\u064a\u062f\u0629 \u0644\u062c\u0644\u0627\u0644\u0629 \u0627\u0644\u0645\u0644\u0643 \u0645\u062d\u0645\u062f \u0627\u0644\u0633\u0627\u062f\u0633\u060c \u0646\u0635\u0631\u0647 \u0627\u0644\u0644\u0647.<\/p>\t\t\t\t\t\t<\/div>\n\t\t\t\t<\/div>\n\t\t\t\t\t<\/div>\n\t\t\t\t<\/div>\n\t\t<div class=\"elementor-element elementor-element-5db057c e-flex e-con-boxed e-con e-parent\" data-id=\"5db057c\" data-element_type=\"container\" data-settings=\"{&quot;background_background&quot;:&quot;classic&quot;}\">\n\t\t\t\t\t<div class=\"e-con-inner\">\n\t\t\t\t<div class=\"elementor-element elementor-element-903f406 elementor-widget elementor-widget-shortcode\" data-id=\"903f406\" data-element_type=\"widget\" data-settings=\"{&quot;ekit_we_effect_on&quot;:&quot;none&quot;}\" data-widget_type=\"shortcode.default\">\n\t\t\t\t<div class=\"elementor-widget-container\">\n\t\t\t\t\t<div class=\"elementor-shortcode\">\n                <div class='gf_browser_gecko gform_wrapper stla_grid_root_wrapper' id='gform_wrapper_1' ><div id='gf_1' class='gform_anchor' tabindex='-1'><\/div><form method='post' enctype='multipart\/form-data' target='gform_ajax_frame_1' id='gform_1' class='stla_grid_root' action='\/ar\/wp-json\/wp\/v2\/pages\/3135#gf_1' data-trp-original-action=\"\/ar\/wp-json\/wp\/v2\/pages\/3135#gf_1\"> \r\n <input type='hidden' class='gforms-pum' value='{\"closepopup\":false,\"closedelay\":0,\"openpopup\":false,\"openpopup_id\":0}' \/>\n                        <div class='gform_heading'>\n                            <span class='gform_description'><\/span>\n                        <\/div>\n                        <div class='gform_body'><ul id='gform_fields_1' class='gform_fields top_label form_sublabel_below description_below'><li id=\"row0\" class=\"row\"><ul id=\"column0\" class=\"col-md-6\" ><li id='field_1_3'  class='gfield gfield_contains_required field_sublabel_below field_description_below gfield_visibility_visible' ><label class='gfield_label'  >\u0627\u0644\u0644\u0642\u0628<span class='gfield_required'>*<\/span><\/label><div class='ginput_container ginput_container_radio'><ul class='gfield_radio' id='input_1_3'><li class='gchoice_1_3_0'><input name='input_3' type='radio' value='Mme'  id='choice_1_3_0'    \/><label for='choice_1_3_0' id='label_1_3_0'>\u0627\u0644\u0633\u064a\u062f\u0629<\/label><\/li><li class='gchoice_1_3_1'><input name='input_3' type='radio' value='Mr'  id='choice_1_3_1'    \/><label for='choice_1_3_1' id='label_1_3_1'>\u0627\u0644\u0633\u064a\u062f<\/label><\/li><\/ul><\/div><\/li><\/ul><ul id=\"column1338\" class=\"col-md-6\"><li class=\"stla-grid-empty-col\" ><\/li><\/ul><\/li><li id=\"row2\" class=\"row\"><ul id=\"column2\" class=\"col-md-6\" ><li id='field_1_5'  class='gfield gfield_contains_required field_sublabel_below field_description_below gfield_visibility_visible' ><label class='gfield_label' for='input_1_5' >\u0627\u0644\u0644\u0642\u0628 \u0627\u0644\u0639\u0627\u0626\u0644\u064a<span class='gfield_required'>*<\/span><\/label><div class='ginput_container ginput_container_text'><input name='input_5' id='input_1_5' type='text' value='' class='medium'     aria-required=\"true\" aria-invalid=\"false\" \/><\/div><\/li><\/ul><ul id=\"column99515\" class=\"col-md-6\" ><li id='field_1_4'  class='gfield gfield_contains_required field_sublabel_below field_description_below gfield_visibility_visible' ><label class='gfield_label' for='input_1_4' >\u0627\u0644\u0627\u0633\u0645<span class='gfield_required'>*<\/span><\/label><div class='ginput_container ginput_container_text'><input name='input_4' id='input_1_4' type='text' value='' class='medium'     aria-required=\"true\" aria-invalid=\"false\" \/><\/div><\/li><\/ul><\/li><li id=\"row3\" class=\"row\"><ul id=\"column3\" class=\"col-md-6\" ><li id='field_1_6'  class='gfield gfield_contains_required field_sublabel_below field_description_below gfield_visibility_visible' ><label class='gfield_label' for='input_1_6' >\u0627\u0633\u0645 \u0627\u0644\u0634\u0631\u0643\u0629<span class='gfield_required'>*<\/span><\/label><div class='ginput_container ginput_container_text'><input name='input_6' id='input_1_6' type='text' value='' class='medium'     aria-required=\"true\" aria-invalid=\"false\" \/><\/div><\/li><\/ul><ul id=\"column48120\" class=\"col-md-6\" ><li id='field_1_8'  class='gfield gfield_contains_required field_sublabel_below field_description_below gfield_visibility_visible' ><label class='gfield_label' for='input_1_8' >\u0627\u0644\u0628\u0631\u064a\u062f \u0627\u0644\u0625\u0644\u0643\u062a\u0631\u0648\u0646\u064a<span class='gfield_required'>*<\/span><\/label><div class='ginput_container ginput_container_text'><input name='input_8' id='input_1_8' type='text' value='' class='medium'     aria-required=\"true\" aria-invalid=\"false\" \/><\/div><\/li><\/ul><\/li><li id=\"row5\" class=\"row\"><ul id=\"column5\" class=\"col-md-12\" ><li id='field_1_11'  class='gfield gfield_contains_required field_sublabel_below field_description_below gfield_visibility_visible pcafe_sp_field' ><label class='gfield_label' for='input_1_11' >\u0627\u0644\u0647\u0627\u062a\u0641<span class='gfield_required'>*<\/span><\/label><div class='ginput_container ginput_container_phone' data-formid='1' data-fieldid='11' data-auto_flag='0' data-flag='flagcode' data-pre_country='none' data-de_country='MA'><span class='spf-phone error-msg hide'><\/span><span class='spf-phone valid-msg hide'><\/span><input name='input_11' id='input_1_11' type='text' value='' class='medium'   aria-required=\"true\" aria-invalid=\"false\"  \/><\/div><\/li><\/ul><\/li><li id=\"row6\" class=\"row\"><ul id=\"column6\" class=\"col-md-6\" ><li id='field_1_9'  class='gfield gfield_contains_required field_sublabel_below field_description_below gfield_visibility_visible' ><label class='gfield_label' for='input_1_9' >\u0627\u0644\u0645\u0648\u0636\u0648\u0639<span class='gfield_required'>*<\/span><\/label><div class='ginput_container ginput_container_text'><input name='input_9' id='input_1_9' type='text' value='' class='medium'     aria-required=\"true\" aria-invalid=\"false\" \/><\/div><\/li><\/ul><ul id=\"column43408\" class=\"col-md-6\" ><li id='field_1_10'  class='gfield gfield_contains_required field_sublabel_below field_description_below gfield_visibility_visible' ><label class='gfield_label' for='input_1_10' >\u0627\u0644\u0631\u0633\u0627\u0644\u0629<span class='gfield_required'>*<\/span><\/label><div class='ginput_container ginput_container_textarea'><textarea name='input_10' id='input_1_10' class='textarea medium'     aria-required=\"true\" aria-invalid=\"false\"   rows='10' cols='50'><\/textarea><\/div><\/li><\/ul><\/li>\n                            <\/ul><\/div>\n        <div class='gform_footer top_label'> <input type='submit' id='gform_submit_button_1' class='gform_button button' value='\u0625\u0631\u0633\u0627\u0644'  onclick='if(window[\"gf_submitting_1\"]){return false;}  window[\"gf_submitting_1\"]=true;  ' onkeypress='if( event.keyCode == 13 ){ if(window[\"gf_submitting_1\"]){return false;} window[\"gf_submitting_1\"]=true;  jQuery(\"#gform_1\").trigger(\"submit\",[true]); }' \/> <input type='hidden' name='gform_ajax' value='form_id=1&amp;title=&amp;description=1&amp;tabindex=0' \/>\n            <input type='hidden' class='gform_hidden' name='is_submit_1' value='1' \/>\n            <input type='hidden' class='gform_hidden' name='gform_submit' value='1' \/>\n            \n            <input type='hidden' class='gform_hidden' name='gform_unique_id' value='' \/>\n            <input type='hidden' class='gform_hidden' name='state_1' value='WyJbXSIsIjA3MDk0YTIzYTJkZGI0YWExOGZkODk4ODVmYzdkY2YyIl0=' \/>\n            <input type='hidden' class='gform_hidden' name='gform_target_page_number_1' id='gform_target_page_number_1' value='0' \/>\n            <input type='hidden' class='gform_hidden' name='gform_source_page_number_1' id='gform_source_page_number_1' value='1' \/>\n            <input type='hidden' name='gform_field_values' value='' \/>\n            \n        <\/div>\n                        <p style=\"display: none !important;\" class=\"akismet-fields-container\" data-prefix=\"ak_\"><label>&#916;<textarea name=\"ak_hp_textarea\" cols=\"45\" rows=\"8\" maxlength=\"100\"><\/textarea><\/label><input type=\"hidden\" id=\"ak_js_1\" name=\"ak_js\" value=\"239\"\/><script>document.getElementById( \"ak_js_1\" ).setAttribute( \"value\", ( new Date() ).getTime() );<\/script><\/p><input type=\"hidden\" name=\"trp-form-language\" value=\"ar\"\/><\/form>\n                        <\/div>\n                <iframe style='display:none;width:0px;height:0px;' src='about:blank' name='gform_ajax_frame_1' id='gform_ajax_frame_1' title='This iframe contains the logic required to handle Ajax powered Gravity Forms.'><\/iframe>\n                <script type='text\/javascript'>jQuery(document).ready(function($){gformInitSpinner( 1, 'https:\/\/karkariya-mawlid-commemoration.com\/wp-content\/plugins\/gravityforms\/images\/spinner.gif' );jQuery('#gform_ajax_frame_1').on('load',function(){var contents = jQuery(this).contents().find('*').html();var is_postback = contents.indexOf('GF_AJAX_POSTBACK') >= 0;if(!is_postback){return;}var form_content = jQuery(this).contents().find('#gform_wrapper_1');var is_confirmation = jQuery(this).contents().find('#gform_confirmation_wrapper_1').length > 0;var is_redirect = contents.indexOf('gformRedirect(){') >= 0;var is_form = form_content.length > 0 && ! is_redirect && ! is_confirmation;var mt = parseInt(jQuery('html').css('margin-top'), 10) + parseInt(jQuery('body').css('margin-top'), 10) + 100;if(is_form){jQuery('#gform_wrapper_1').html(form_content.html());if(form_content.hasClass('gform_validation_error')){jQuery('#gform_wrapper_1').addClass('gform_validation_error');} else {jQuery('#gform_wrapper_1').removeClass('gform_validation_error');}setTimeout( function() { \/* delay the scroll by 50 milliseconds to fix a bug in chrome *\/ jQuery(document).scrollTop(jQuery('#gform_wrapper_1').offset().top - mt); }, 50 );if(window['gformInitDatepicker']) {gformInitDatepicker();}if(window['gformInitPriceFields']) {gformInitPriceFields();}var current_page = jQuery('#gform_source_page_number_1').val();gformInitSpinner( 1, 'https:\/\/karkariya-mawlid-commemoration.com\/wp-content\/plugins\/gravityforms\/images\/spinner.gif' );jQuery(document).trigger('gform_page_loaded', [1, current_page]);window['gf_submitting_1'] = false;}else if(!is_redirect){var confirmation_content = jQuery(this).contents().find('.GF_AJAX_POSTBACK').html();if(!confirmation_content){confirmation_content = contents;}setTimeout(function(){jQuery('#gform_wrapper_1').replaceWith(confirmation_content);jQuery(document).scrollTop(jQuery('#gf_1').offset().top - mt);jQuery(document).trigger('gform_confirmation_loaded', [1]);window['gf_submitting_1'] = false;}, 50);}else{jQuery('#gform_1').append(contents);if(window['gformRedirect']) {gformRedirect();}}jQuery(document).trigger('gform_post_render', [1, current_page]);} );} );<\/script><script type='text\/javascript'> jQuery(document).bind('gform_post_render', function(event, formId, currentPage){if(formId == 1) {} } );jQuery(document).bind('gform_post_conditional_logic', function(event, formId, fields, isInit){} );<\/script><script type='text\/javascript'> jQuery(document).ready(function(){jQuery(document).trigger('gform_post_render', [1, 1]) } ); <\/script><\/div>\n\t\t\t\t<\/div>\n\t\t\t\t<\/div>\n\t\t\t\t\t<\/div>\n\t\t\t\t<\/div>\n\t\t\t\t<\/div>","protected":false},"excerpt":{"rendered":"<p>Devenir partenaire En raison de toute l&rsquo;importance que rev\u00eat la religion dans le maintien de la coh\u00e9sion sociale, dans la pr\u00e9servation des liens familiaux et dans la rectitude de l&rsquo;individu, et certains de l&rsquo;int\u00e9r\u00eat que vous portez aux actions solidaires et caritatives, nous vous invitons aimablement \u00e0 contribuer \u00e0 la Semaine Internationale de Comm\u00e9moration du [&hellip;]<\/p>","protected":false},"author":1,"featured_media":0,"parent":0,"menu_order":0,"comment_status":"closed","ping_status":"closed","template":"template\/homepage-template.php","meta":{"footnotes":""},"class_list":["post-3135","page","type-page","status-publish","hentry"],"_links":{"self":[{"href":"https:\/\/karkariya-mawlid-commemoration.com\/ar\/wp-json\/wp\/v2\/pages\/3135"}],"collection":[{"href":"https:\/\/karkariya-mawlid-commemoration.com\/ar\/wp-json\/wp\/v2\/pages"}],"about":[{"href":"https:\/\/karkariya-mawlid-commemoration.com\/ar\/wp-json\/wp\/v2\/types\/page"}],"author":[{"embeddable":true,"href":"https:\/\/karkariya-mawlid-commemoration.com\/ar\/wp-json\/wp\/v2\/users\/1"}],"replies":[{"embeddable":true,"href":"https:\/\/karkariya-mawlid-commemoration.com\/ar\/wp-json\/wp\/v2\/comments?post=3135"}],"version-history":[{"count":23,"href":"https:\/\/karkariya-mawlid-commemoration.com\/ar\/wp-json\/wp\/v2\/pages\/3135\/revisions"}],"predecessor-version":[{"id":4342,"href":"https:\/\/karkariya-mawlid-commemoration.com\/ar\/wp-json\/wp\/v2\/pages\/3135\/revisions\/4342"}],"wp:attachment":[{"href":"https:\/\/karkariya-mawlid-commemoration.com\/ar\/wp-json\/wp\/v2\/media?parent=3135"}],"curies":[{"name":"wp","href":"https:\/\/api.w.org\/{rel}","templated":true}]}}